{"id":138,"date":"2024-08-22T09:37:14","date_gmt":"2024-08-22T12:37:14","guid":{"rendered":"https:\/\/onderyildiz.com\/?page_id=138"},"modified":"2024-08-22T09:37:14","modified_gmt":"2024-08-22T12:37:14","slug":"kenyaya-gelecekler-icin-seyahat-bilgileri-tr","status":"publish","type":"page","link":"https:\/\/onderyildiz.com\/?page_id=138","title":{"rendered":"Kenya&#8217;ya GELECEKLER ICIN SEYAHAT BILGILERI (TR)"},"content":{"rendered":"\n<p><strong>PASAPORT KONTROL\u00dc &amp; V\u0130ZE &amp; G\u00dcMR\u00dcK &amp; A\u015eI KARTI<\/strong><\/p>\n\n\n\n<p>T\u00fcm \u00fclkelerden gelen hemen hemen t\u00fcm vatanda\u015flar i\u00e7in vize bir zorunluluktur, Vize (Elektronik Seyahat Onay, ETA) sadece \u201conline\u201d olarak al\u0131nabilir, kap\u0131da vize uygulamas\u0131 sona ermi\u015ftir. Online vize i\u00e7in (<a href=\"https:\/\/etakenya.go.ke\/en\">https:\/\/etakenya.go.ke\/en<\/a>) adresinde bir hesap a\u00e7arak,&nbsp; u\u00e7u\u015funuzdan en az bir hafta \u00f6nce vizenizi amalisiniz. Sitedeki talimatlar\u0131 takip edin ve vize \u00fccretini \u00f6deyin. Ba\u015fvurunuzun onayland\u0131\u011f\u0131na dair bir bildirim ald\u0131ktan sonra, gelen barkotlu belgeyi yazd\u0131r\u0131n ve Pasaportunuzla birlikte saklay\u0131n.<br><br>Online vizenin onaylanmas\u0131 sizin 3 ay vize ald\u0131\u011f\u0131n\u0131z anlam\u0131na gelmez, Kenya&#8217;da kal\u0131\u015f s\u00fcreniz havaalan\u0131ndaki Pasaport Polisinin karar\u0131na tabidir. \u00c7o\u011fu durumda, 1 ayl\u0131k &#8220;tek giri\u015fli vize&#8221; alabilirsiniz, kan\u0131tlanm\u0131\u015f belgelerinize dayanarak talep etmeniz durumunda size 3 aya kadar vize verebilirler. \u00dclkeye giri\u015f yapt\u0131ktan sonra, g\u00f6\u00e7menlik web sitesinden (<a href=\"http:\/\/fns.immigration.go,ke\">fns.immigration.go,ke<\/a>) online ba\u015fvuru yaparak vizenizi uzatabilirsiniz ve pasaportunuzu damgalatmak i\u00e7in Nairobi, CBD&#8217; de bulunan Nyayo House&#8217; daki g\u00f6\u00e7menlik ofisine gitmeniz gerekir.<\/p>\n\n\n\n<p>L\u00fctfen Kenya&#8217;ya gelmeden \u00f6nce Sar\u0131humma A\u015f\u0131s\u0131 gereklili\u011fi i\u00e7in ilgili web sitesini kontrol edin. Normalde Turk vatanda\u015flar\u0131ndan Sari Humma asi belgesi istenmemektedir.<\/p>\n\n\n\n<p>\u00c7antan\u0131zda yiyecek, \u015fifal\u0131 bitki, toplu ila\u00e7 vb. bulundurmaktan ka\u00e7\u0131n\u0131n, ayr\u0131ca ambalaj\u0131 a\u00e7\u0131lmam\u0131\u015f yeni giysiler ve elektronik e\u015fyalar g\u00fcmr\u00fck vergisine tabi olabilir.<\/p>\n\n\n\n<p><strong>KENYA&#8217;DA YASAKLAR<\/strong><\/p>\n\n\n\n<p>\u00d6nceki havaliman\u0131n\u0131zdaki Free Shop&#8217; lardan verilmi\u015f olsalar bile plastik po\u015fetlere izin verilmez. Sadece kuma\u015f veya ka\u011f\u0131t bazl\u0131 po\u015fetler kullan\u0131n. Plastik po\u015fet kullan\u0131m\u0131 yasakt\u0131r.<\/p>\n\n\n\n<p>Hava limanlar\u0131, caddeler, al\u0131\u015fveri\u015f merkezleri, restoranlar, kafeteryalar vb. dahil olmak \u00fczere halka a\u00e7\u0131k hemen hemen t\u00fcm alanlarda sigara i\u00e7mek yasakt\u0131r. Sigara i\u00e7erseniz Polis ile ba\u015f\u0131n\u0131z derde girer. Sadece belirlenmi\u015f alanlarda sigara i\u00e7ilebilir.<\/p>\n\n\n\n<p>Kamuya a\u00e7\u0131k alanlarda, caddelerde, al\u0131\u015fveri\u015f merkezlerinde g\u00fcvenlik nedeniyle foto\u011fraf \u00e7ekilmesine izin verilmez. Araban\u0131n i\u00e7inden bile foto\u011fraf \u00e7ekmekten ka\u00e7\u0131n\u0131n.<\/p>\n\n\n\n<p><strong>ULA\u015eIM<\/strong><\/p>\n\n\n\n<p>UBER, BOLT Kenya&#8217;da yayg\u0131n olarak kullan\u0131lmaktad\u0131r ve \u00e7o\u011funlukla g\u00fcvenilirdir, gelmeden \u00f6nce bu uygulamalar\u0131 ak\u0131ll\u0131 telefonunuza y\u00fcklemenizde fayda var. Havaalan\u0131ndan UBER alabilece\u011finiz gibi, Sari renkli Hava alan\u0131 taksilerine de binebilirsiniz,&nbsp; \u015fehir merkezine ula\u015f\u0131m, trafik s\u0131k\u0131\u015f\u0131kl\u0131\u011f\u0131na ba\u011fl\u0131 olarak yakla\u015f\u0131k 15-55 USD civar\u0131ndad\u0131r.<\/p>\n\n\n\n<p>Toplu ta\u015f\u0131ma MATATU&#8217; lar (Halk Otob\u00fcsleri), BODA BODA&#8217; lar (Motosikletler) veya TUK TUK&#8217; lar (Tri-porters) ile yap\u0131l\u0131r. A\u015fina olmad\u0131\u011f\u0131n\u0131z s\u00fcrece bunlar\u0131 kullanman\u0131z \u00f6nerilmez. \u00d6deme i\u00e7in nakit ve bozuk paran\u0131z olmal\u0131d\u0131r, yerel halk di\u011fer se\u00e7enek olan mPesa, mobil \u00f6deme sistemini kullanmaktad\u0131r.<\/p>\n\n\n\n<p>Di\u011fer, normal Taksiler de mevcuttur, takip sistemi ve taksimetreleri olmad\u0131\u011f\u0131 i\u00e7in, fiyat \u015fof\u00f6r\u00fcn insaf\u0131na kald\u0131\u011f\u0131ndan tavsiye edilmemektedir.<br><br><strong>GUVENLIK:<\/strong><\/p>\n\n\n\n<p>ULASIM; Araba i\u00e7inde iken camlar kapal\u0131 ve kap\u0131lar kilitli olmal\u0131d\u0131r, asla ve asla araban\u0131n i\u00e7inden foto\u011fraf \u00e7ekimi yap\u0131lmamal\u0131d\u0131r. Y\u00fcr\u00fcrken telefon, c\u00fczdan, kolye, saat vs g\u00f6sterilmemelidir. Aksam g\u00fcne\u015f batt\u0131ktan sonra \u00f6zel alanlar (AVM, Restoran, Otel, Site, Ev vs.) d\u0131\u015f\u0131nda olmamak gerekir, Ula\u015f\u0131m i\u00e7in g\u00fcvenilir \u00f6zel araba ve Uber \/ Bolt kullan\u0131lmas\u0131na \u00f6zen g\u00f6sterilmelidir. Gece veya g\u00fcnd\u00fcz, arabaya bulundu\u011funuz g\u00fcvenli alanda (Otel bah\u00e7esi, park alan\u0131 gibi) binilmeli, var\u0131lan noktada da gene g\u00fcvenli alanda inilmelidir. Hic bir zaman yolda, yol kenar\u0131nda ara\u00e7tan inilmemelidir.<\/p>\n\n\n\n<p><strong>SAGLIK<\/strong>:<br><br>Her co\u011frafi b\u00f6lgenin bakteri yap\u0131s\u0131 (Floras\u0131) farkl\u0131 oldu\u011fundan, Kenya\u2019ya ilke kez gelenlerin mide ve \u00f6zellikle ba\u011f\u0131rsak problemleri yasamas\u0131 normaldir, 2-3 gun i\u00e7inde normale d\u00f6necektir. Daha uzun s\u00fcrmesi durumunda doktora ba\u015fvurmak gerekebilir. Sa\u011fl\u0131kl\u0131 Su&#8217;ya eri\u015fim k\u0131s\u0131tl\u0131 oldu\u011fundan ancak kapal\u0131 sise sat\u0131lan Su&#8217;lar i\u00e7ilmeli, d\u0131\u015far\u0131da pi\u015firilmeden yenen salata turu yemekleri yemekten \u00e7ekinilmelidir. \u0130nsanlar ile tokala\u015fmak yerine ellerin yumruk yap\u0131larak \u201cgota\u201d yap\u0131lmas\u0131 daha uygun olabilir. \u00dclkede sa\u011fl\u0131k altyap\u0131s\u0131 \u00e7ok yetersiz oldu\u011fundan, kendi ila\u00e7lar\u0131n\u0131z\u0131 getirmelisiniz ve sa\u011fl\u0131\u011f\u0131n\u0131z\u0131 tehlikeye sokacak hareketler ve ortamlardan uzak durmal\u0131s\u0131n\u0131z.<\/p>\n","protected":false},"excerpt":{"rendered":"<p>PASAPORT KONTROL\u00dc &amp; V\u0130ZE &amp; G\u00dcMR\u00dcK &amp; A\u015eI KARTI T\u00fcm \u00fclkelerden gelen hemen hemen t\u00fcm vatanda\u015flar i\u00e7in vize bir zorunluluktur, Vize (Elektronik Seyahat Onay, ETA) sadece \u201conline\u201d olarak al\u0131nabilir, kap\u0131da vize uygulamas\u0131 sona ermi\u015ftir. Online vize i\u00e7in (https:\/\/etakenya.go.ke\/en) adresinde bir &hellip; <a href=\"https:\/\/onderyildiz.com\/?page_id=138\">Continue reading <span class=\"meta-nav\">&rarr;<\/span><\/a><\/p>\n","protected":false},"author":1,"featured_media":0,"parent":0,"menu_order":0,"comment_status":"closed","ping_status":"closed","template":"","meta":{"footnotes":""},"class_list":["post-138","page","type-page","status-publish","hentry"],"_links":{"self":[{"href":"https:\/\/onderyildiz.com\/index.php?rest_route=\/wp\/v2\/pages\/138","targetHints":{"allow":["GET"]}}],"collection":[{"href":"https:\/\/onderyildiz.com\/index.php?rest_route=\/wp\/v2\/pages"}],"about":[{"href":"https:\/\/onderyildiz.com\/index.php?rest_route=\/wp\/v2\/types\/page"}],"author":[{"embeddable":true,"href":"https:\/\/onderyildiz.com\/index.php?rest_route=\/wp\/v2\/users\/1"}],"replies":[{"embeddable":true,"href":"https:\/\/onderyildiz.com\/index.php?rest_route=%2Fwp%2Fv2%2Fcomments&post=138"}],"version-history":[{"count":1,"href":"https:\/\/onderyildiz.com\/index.php?rest_route=\/wp\/v2\/pages\/138\/revisions"}],"predecessor-version":[{"id":139,"href":"https:\/\/onderyildiz.com\/index.php?rest_route=\/wp\/v2\/pages\/138\/revisions\/139"}],"wp:attachment":[{"href":"https:\/\/onderyildiz.com\/index.php?rest_route=%2Fwp%2Fv2%2Fmedia&parent=138"}],"curies":[{"name":"wp","href":"https:\/\/api.w.org\/{rel}","templated":true}]}}