{"id":15,"date":"2023-06-04T08:43:50","date_gmt":"2023-06-04T08:43:50","guid":{"rendered":"https:\/\/onderyildiz.com\/?page_id=15"},"modified":"2023-06-04T11:57:52","modified_gmt":"2023-06-04T11:57:52","slug":"proposals","status":"publish","type":"page","link":"https:\/\/onderyildiz.com\/?page_id=15","title":{"rendered":"Proposals"},"content":{"rendered":"\n<p>Please find my proposals on your interest below, based on my experiences..<br>Select the most relevant one from the sub-menu, listed under &#8220;proposals&#8221;<\/p>\n\n\n\n<p><strong><u>FOR TRAVELERS<\/u><\/strong><\/p>\n\n\n\n<ul class=\"wp-block-list\">\n<li>For Turks moving to abroad, for work or long time residence.(TR) <br>(<em>Yurt d\u0131\u015f\u0131na uzun s\u00fcreli gidecek T\u00fcrkler i\u00e7in rehber<\/em>)<\/li>\n\n\n\n<li>Visiting Kenya for the first time (EN)<\/li>\n\n\n\n<li>Places to be visited in Nairobi (EN)<\/li>\n\n\n\n<li>Places to eat-out in Nairobi (EN)<\/li>\n<\/ul>\n\n\n\n<p><strong><em>Under Construction, not completed yet<\/em><\/strong><strong>.<\/strong><\/p>\n","protected":false},"excerpt":{"rendered":"<p>Please find my proposals on your interest below, based on my experiences..Select the most relevant one from the sub-menu, listed under &#8220;proposals&#8221; FOR TRAVELERS Under Construction, not completed yet.<\/p>\n","protected":false},"author":1,"featured_media":0,"parent":0,"menu_order":0,"comment_status":"closed","ping_status":"closed","template":"","meta":{"footnotes":""},"class_list":["post-15","page","type-page","status-publish","hentry"],"_links":{"self":[{"href":"https:\/\/onderyildiz.com\/index.php?rest_route=\/wp\/v2\/pages\/15","targetHints":{"allow":["GET"]}}],"collection":[{"href":"https:\/\/onderyildiz.com\/index.php?rest_route=\/wp\/v2\/pages"}],"about":[{"href":"https:\/\/onderyildiz.com\/index.php?rest_route=\/wp\/v2\/types\/page"}],"author":[{"embeddable":true,"href":"https:\/\/onderyildiz.com\/index.php?rest_route=\/wp\/v2\/users\/1"}],"replies":[{"embeddable":true,"href":"https:\/\/onderyildiz.com\/index.php?rest_route=%2Fwp%2Fv2%2Fcomments&post=15"}],"version-history":[{"count":3,"href":"https:\/\/onderyildiz.com\/index.php?rest_route=\/wp\/v2\/pages\/15\/revisions"}],"predecessor-version":[{"id":113,"href":"https:\/\/onderyildiz.com\/index.php?rest_route=\/wp\/v2\/pages\/15\/revisions\/113"}],"wp:attachment":[{"href":"https:\/\/onderyildiz.com\/index.php?rest_route=%2Fwp%2Fv2%2Fmedia&parent=15"}],"curies":[{"name":"wp","href":"https:\/\/api.w.org\/{rel}","templated":true}]}}