{"id":47,"date":"2023-06-04T09:10:04","date_gmt":"2023-06-04T09:10:04","guid":{"rendered":"https:\/\/onderyildiz.com\/?page_id=47"},"modified":"2023-06-04T09:51:52","modified_gmt":"2023-06-04T09:51:52","slug":"about-2","status":"publish","type":"page","link":"https:\/\/onderyildiz.com\/?page_id=47","title":{"rendered":"About"},"content":{"rendered":"\n<p><strong>Onder YILDIZ<\/strong>&nbsp;is a Senior Expert for the followings.<\/p>\n\n\n\n<ul class=\"wp-block-list\">\n<li>1- Production, market, sales, sales channels, dealer, distributor.<br>2- Setting-up Dealer Network, Dealer loyalty system, Dealer premium system.<br>3- Setting-up new sales channels for consumer products.<br>4- Tire; Retail, wholesale, regional sale, OEM business.<br>5- Geo-synthetics, Sales, Marketing.<br>6- Electric Golf Cart Sales, Marketing.<br>7- Investment management. Company Establishment, Business development. (TR, KE)<br>8- Complete Campaign planning, acting and reporting.<br>9- Business set-up in East Africa Region.<br><\/li>\n\n\n\n<li>His skills are based on his Engineering, Production and Sales Management at Brisa, Sabanc\u0131 Holding-Turkey and Bridgestone Corporation-Japan.<\/li>\n<\/ul>\n\n\n\n<p><strong>Skills:<\/strong><br>Fluent in written and spoken English.<br>Advanced user of MS Office applications.<br>Clear and intermediate understanding of competition and consumer behavior..<br>Effective negotiation and interpersonal skills.<br>High standard of integrity with a passion for the company work for.<br>Team building, management, coaching.<br>Setting-up targets, achieving control and reporting.<br>Contract Management.<br>Tender, Pre-Qualification Management.<br>Cash-Flow, Financial follow up Management. <br>Priority setting.<br>High communication skills with cross functional and collaborative working.<\/p>\n\n\n\n<ul class=\"wp-block-list\">\n<li><strong>T\u00fcrk\u00e7e \u00d6zet:<\/strong><\/li>\n\n\n\n<li>1- \u00dcretim, pazarlama, sat\u0131\u015f, sat\u0131\u015f kanallar\u0131 y\u00f6netimi<br>2- Bayi te\u015fkilat\u0131 kurulmas\u0131, bayi ba\u011fl\u0131l\u0131k sistemi, Bayi prim sistemi olu\u015fturulmas\u0131.<br>3- Yeni sat\u0131\u015f kanallar\u0131 olu\u015fturulmas\u0131,<br>4- Lastik; perakende, toplu sat\u0131\u015f, b\u00d6lgesel-\u00dclkesel sat\u0131\u015f, OEM sat\u0131\u015f\u0131.<br>5- Geosentetik \u00fcr\u00fcnlerin Pazarlamas\u0131, Sat\u0131\u015f\u0131, Ticari faaliyetleri.<br>6- Elektirikli Golf arabalar\u0131 Pazarlamas\u0131, Sat\u0131\u015f\u0131.<br>7- Anahtar teslim, Yabanc\u0131 sermayeli \u015firket kurulumu.(TR, KE)<br>8- Komple kampanya planlama, uygulama, sonu\u00e7lar\u0131n\u0131n rapor edilmesi.<br>9- Do\u011fu Afrika b\u00f6lgesinde i\u015f yapma yeterlili\u011fi<br>konular\u0131nda T\u00fcrk\u00e7e ve\/veya \u0130ngilizce e\u011fitim ve dan\u0131\u015fmanl\u0131k, profesyonel \u00e7al\u0131\u015fma.<\/li>\n<\/ul>\n\n\n\n<p><br><\/p>\n","protected":false},"excerpt":{"rendered":"<p>Onder YILDIZ&nbsp;is a Senior Expert for the followings. Skills:Fluent in written and spoken English.Advanced user of MS Office applications.Clear and intermediate understanding of competition and consumer behavior..Effective negotiation and interpersonal skills.High standard of integrity with a passion for the company &hellip; <a href=\"https:\/\/onderyildiz.com\/?page_id=47\">Continue reading <span class=\"meta-nav\">&rarr;<\/span><\/a><\/p>\n","protected":false},"author":1,"featured_media":0,"parent":0,"menu_order":0,"comment_status":"closed","ping_status":"closed","template":"","meta":{"footnotes":""},"class_list":["post-47","page","type-page","status-publish","hentry"],"_links":{"self":[{"href":"https:\/\/onderyildiz.com\/index.php?rest_route=\/wp\/v2\/pages\/47","targetHints":{"allow":["GET"]}}],"collection":[{"href":"https:\/\/onderyildiz.com\/index.php?rest_route=\/wp\/v2\/pages"}],"about":[{"href":"https:\/\/onderyildiz.com\/index.php?rest_route=\/wp\/v2\/types\/page"}],"author":[{"embeddable":true,"href":"https:\/\/onderyildiz.com\/index.php?rest_route=\/wp\/v2\/users\/1"}],"replies":[{"embeddable":true,"href":"https:\/\/onderyildiz.com\/index.php?rest_route=%2Fwp%2Fv2%2Fcomments&post=47"}],"version-history":[{"count":3,"href":"https:\/\/onderyildiz.com\/index.php?rest_route=\/wp\/v2\/pages\/47\/revisions"}],"predecessor-version":[{"id":69,"href":"https:\/\/onderyildiz.com\/index.php?rest_route=\/wp\/v2\/pages\/47\/revisions\/69"}],"wp:attachment":[{"href":"https:\/\/onderyildiz.com\/index.php?rest_route=%2Fwp%2Fv2%2Fmedia&parent=47"}],"curies":[{"name":"wp","href":"https:\/\/api.w.org\/{rel}","templated":true}]}}